{"id":7,"date":"2012-09-15T21:25:53","date_gmt":"2012-09-15T19:25:53","guid":{"rendered":"http:\/\/gst.dpsen.de\/?page_id=7"},"modified":"2024-11-11T20:54:51","modified_gmt":"2024-11-11T19:54:51","slug":"impressum","status":"publish","type":"page","link":"https:\/\/sheriban-tuerkmen.de\/en\/impressum\/","title":{"rendered":"Imprint"},"content":{"rendered":"\n<figure class=\"wp-block-table\"><table><tbody><tr><td>Inhaberin<\/td><td>Sehriban T\u00fcrkmen<\/td><\/tr><tr><td>Anschrift<\/td><td>Bleibtreustr. 1, 10629 Berlin<\/td><\/tr><tr><td>Telefon\/Fax<\/td><td>0170 &#8211; 8300770<\/td><\/tr><tr><td>E-Mail-Adresse<\/td><td>kontakt@sheriban-tuerkmen.de<\/td><\/tr><tr><td>Steuer-Identnummer<\/td><td>DE227848995<\/td><\/tr><tr><td>Haftungshinweis<\/td><td>Trotz sorgf\u00e4ltiger inhaltlicher Kontrolle \u00fcbernehmen wir keine Haftung f\u00fcr die Inhalte externer Links. F\u00fcr den Inhalt der verlinkten Seiten sind ausschlie\u00dflich deren Betreiber verantwortlich.<\/td><\/tr><tr><td>Copyright<\/td><td>Vervielf\u00e4ltigung, Ver\u00f6ffentlichung oder Nachdruck von Texten oder Inhalten dieser&nbsp;Webpr\u00e4senz, auch ansatz- oder auszugsweise, ist nur mit ausdr\u00fccklicher schriftlicher&nbsp;Genehmigung der Galerie Sheriban T\u00fcrkmen gestattet.<\/td><\/tr><tr><td>Bildmaterial<\/td><td>Sheriban T\u00fcrkmen<\/td><\/tr><\/tbody><\/table><\/figure>\n","protected":false},"excerpt":{"rendered":"<p>Inhaberin Sehriban T\u00fcrkmen Anschrift Bleibtreustr. 1, 10629 Berlin Telefon\/Fax 0170 &#8211; 8300770 E-Mail-Adresse kontakt@sheriban-tuerkmen.de Steuer-Identnummer DE227848995 Haftungshinweis Trotz sorgf\u00e4ltiger inhaltlicher Kontrolle \u00fcbernehmen wir keine Haftung f\u00fcr die Inhalte externer Links. F\u00fcr den Inhalt der verlinkten Seiten sind ausschlie\u00dflich deren Betreiber verantwortlich. Copyright Vervielf\u00e4ltigung, Ver\u00f6ffentlichung oder Nachdruck von Texten oder Inhalten dieser&nbsp;Webpr\u00e4senz, auch ansatz- oder auszugsweise, [&hellip;]<\/p>\n","protected":false},"author":1,"featured_media":0,"parent":0,"menu_order":0,"comment_status":"closed","ping_status":"closed","template":"","meta":{"footnotes":""},"class_list":["post-7","page","type-page","status-publish","hentry"],"translation":{"provider":"WPGlobus","version":"3.0.0","language":"en","enabled_languages":["de","en"],"languages":{"de":{"title":true,"content":true,"excerpt":false},"en":{"title":true,"content":false,"excerpt":false}}},"yoast_head":"<!-- This site is optimized with the Yoast SEO plugin v23.8 - https:\/\/yoast.com\/wordpress\/plugins\/seo\/ -->\n<title>Imprint - Sheriban T\u00fcrkmen<\/title>\n<meta name=\"robots\" content=\"index, follow, max-snippet:-1, max-image-preview:large, max-video-preview:-1\" \/>\n<link rel=\"canonical\" href=\"https:\/\/sheriban-tuerkmen.de\/impressum\/\" \/>\n<meta property=\"og:locale\" content=\"en_US\" \/>\n<meta property=\"og:type\" content=\"article\" \/>\n<meta property=\"og:title\" content=\"Imprint - Sheriban T\u00fcrkmen\" \/>\n<meta property=\"og:url\" content=\"https:\/\/sheriban-tuerkmen.de\/impressum\/\" \/>\n<meta property=\"og:site_name\" content=\"Sheriban T\u00fcrkmen\" \/>\n<meta property=\"article:modified_time\" content=\"2024-11-11T19:54:51+00:00\" \/>\n<meta name=\"twitter:card\" content=\"summary_large_image\" \/>\n<script type=\"application\/ld+json\" class=\"yoast-schema-graph\">{\"@context\":\"https:\/\/schema.org\",\"@graph\":[{\"@type\":\"WebPage\",\"@id\":\"https:\/\/sheriban-tuerkmen.de\/impressum\/\",\"url\":\"https:\/\/sheriban-tuerkmen.de\/impressum\/\",\"name\":\"Imprint - Sheriban T\u00fcrkmen\",\"isPartOf\":{\"@id\":\"https:\/\/sheriban-tuerkmen.de\/#website\"},\"datePublished\":\"2012-09-15T19:25:53+00:00\",\"dateModified\":\"2024-11-11T19:54:51+00:00\",\"breadcrumb\":{\"@id\":\"https:\/\/sheriban-tuerkmen.de\/impressum\/#breadcrumb\"},\"inLanguage\":\"en-US\",\"potentialAction\":[{\"@type\":\"ReadAction\",\"target\":[\"https:\/\/sheriban-tuerkmen.de\/impressum\/\"]}]},{\"@type\":\"BreadcrumbList\",\"@id\":\"https:\/\/sheriban-tuerkmen.de\/impressum\/#breadcrumb\",\"itemListElement\":[{\"@type\":\"ListItem\",\"position\":1,\"name\":\"Startseite\",\"item\":\"https:\/\/sheriban-tuerkmen.de\/\"},{\"@type\":\"ListItem\",\"position\":2,\"name\":\"Impressum\"}]},{\"@type\":\"WebSite\",\"@id\":\"https:\/\/sheriban-tuerkmen.de\/#website\",\"url\":\"https:\/\/sheriban-tuerkmen.de\/\",\"name\":\"Sheriban T\u00fcrkmen\",\"description\":\"\",\"potentialAction\":[{\"@type\":\"SearchAction\",\"target\":{\"@type\":\"EntryPoint\",\"urlTemplate\":\"https:\/\/sheriban-tuerkmen.de\/?s={search_term_string}\"},\"query-input\":{\"@type\":\"PropertyValueSpecification\",\"valueRequired\":true,\"valueName\":\"search_term_string\"}}],\"inLanguage\":\"en-US\"}]}<\/script>\n<!-- \/ Yoast SEO plugin. -->","yoast_head_json":{"title":"Imprint - Sheriban T\u00fcrkmen","robots":{"index":"index","follow":"follow","max-snippet":"max-snippet:-1","max-image-preview":"max-image-preview:large","max-video-preview":"max-video-preview:-1"},"canonical":"https:\/\/sheriban-tuerkmen.de\/impressum\/","og_locale":"en_US","og_type":"article","og_title":"Imprint - Sheriban T\u00fcrkmen","og_url":"https:\/\/sheriban-tuerkmen.de\/impressum\/","og_site_name":"Sheriban T\u00fcrkmen","article_modified_time":"2024-11-11T19:54:51+00:00","twitter_card":"summary_large_image","schema":{"@context":"https:\/\/schema.org","@graph":[{"@type":"WebPage","@id":"https:\/\/sheriban-tuerkmen.de\/impressum\/","url":"https:\/\/sheriban-tuerkmen.de\/impressum\/","name":"Imprint - Sheriban T\u00fcrkmen","isPartOf":{"@id":"https:\/\/sheriban-tuerkmen.de\/#website"},"datePublished":"2012-09-15T19:25:53+00:00","dateModified":"2024-11-11T19:54:51+00:00","breadcrumb":{"@id":"https:\/\/sheriban-tuerkmen.de\/impressum\/#breadcrumb"},"inLanguage":"en-US","potentialAction":[{"@type":"ReadAction","target":["https:\/\/sheriban-tuerkmen.de\/impressum\/"]}]},{"@type":"BreadcrumbList","@id":"https:\/\/sheriban-tuerkmen.de\/impressum\/#breadcrumb","itemListElement":[{"@type":"ListItem","position":1,"name":"Startseite","item":"https:\/\/sheriban-tuerkmen.de\/"},{"@type":"ListItem","position":2,"name":"Impressum"}]},{"@type":"WebSite","@id":"https:\/\/sheriban-tuerkmen.de\/#website","url":"https:\/\/sheriban-tuerkmen.de\/","name":"Sheriban T\u00fcrkmen","description":"","potentialAction":[{"@type":"SearchAction","target":{"@type":"EntryPoint","urlTemplate":"https:\/\/sheriban-tuerkmen.de\/?s={search_term_string}"},"query-input":{"@type":"PropertyValueSpecification","valueRequired":true,"valueName":"search_term_string"}}],"inLanguage":"en-US"}]}},"_links":{"self":[{"href":"https:\/\/sheriban-tuerkmen.de\/en\/wp-json\/wp\/v2\/pages\/7"}],"collection":[{"href":"https:\/\/sheriban-tuerkmen.de\/en\/wp-json\/wp\/v2\/pages"}],"about":[{"href":"https:\/\/sheriban-tuerkmen.de\/en\/wp-json\/wp\/v2\/types\/page"}],"author":[{"embeddable":true,"href":"https:\/\/sheriban-tuerkmen.de\/en\/wp-json\/wp\/v2\/users\/1"}],"replies":[{"embeddable":true,"href":"https:\/\/sheriban-tuerkmen.de\/en\/wp-json\/wp\/v2\/comments?post=7"}],"version-history":[{"count":50,"href":"https:\/\/sheriban-tuerkmen.de\/en\/wp-json\/wp\/v2\/pages\/7\/revisions"}],"predecessor-version":[{"id":3286,"href":"https:\/\/sheriban-tuerkmen.de\/en\/wp-json\/wp\/v2\/pages\/7\/revisions\/3286"}],"wp:attachment":[{"href":"https:\/\/sheriban-tuerkmen.de\/en\/wp-json\/wp\/v2\/media?parent=7"}],"curies":[{"name":"wp","href":"https:\/\/api.w.org\/{rel}","templated":true}]}}